{"id":861,"date":"2021-01-31T12:14:47","date_gmt":"2021-01-31T11:14:47","guid":{"rendered":"https:\/\/bogeljic.com\/?page_id=861"},"modified":"2021-01-31T12:36:25","modified_gmt":"2021-01-31T11:36:25","slug":"bogeljici-sa-drenovika","status":"publish","type":"page","link":"https:\/\/bogeljic.com\/?page_id=861","title":{"rendered":"BOGElji\u0107i sa DRENOVIKA"},"content":{"rendered":"<p>Negdje krajem 19 stolje\u0107a, vjerovatno 1897 godine, dva brata Mijo i 3 godine mla\u0111i Jozo, sinovi Franje Luki\u0107-Bogelji\u0107 i Katarine ro\u0111ene Juri\u0107, doselili su iz mjesta Tisovici op\u0107ina Vare\u0161 na Drenovik. Mijo je tada imao 24 a Jozo 21 godinu.<\/p>\n<p>\u0160to je bio razlog njihovog doseljenja danas nije poznato, ali je za pretpostaviti da su to uradili gonjeni nekom nevoljom, budu\u0107i da su na Drenoviku doselili i krenuli \u201eod nule\u201c <span class=\"explanatory-dictionary-highlight\" data-definition=\"explanatory-dictionary-definition-54\">bez<\/span> ku\u0107e i zemlje.<br \/>\nKu\u0107e su vjerojatno sagradili na uzurpiranoj dr\u017eavnoj zemlji koju su kr\u010dili i ogra\u0111ivali i time stvarali poljoprivredno zemlji\u0161te. Te prve dvije ku\u0107e sagradili su na jednoj visoravni ispod zaravni koja se zvala Brijeg i koja je na sjeveru grani\u010dila malim \u0161picastim uzvi\u0161enjem koje se zove Visi\u0107. Selo koje se kasnije naraslo na ca. 10-ku\u0107a, nazvali su Drenovik po poznatom istoimenom izvoru vode koji se nalazio u blizini.<\/p>\n<p>Oni su dolaskom na Drenovik ve\u0107 nosili samo prezime Bogelji\u0107, mada im se otac Franjo u svim meni raspolo\u017eivim knjigama vodio pod prezimenom Luki\u0107-Bogelji\u0107.<\/p>\n<p>Mijo je o\u017eenio 09.02.1898 Anu \u0160imi\u0107 iz Kaknja a Jozo 12.02.1908 Luciju Stijepi\u0107 iz Aljini\u0107a.<br \/>\nNa \u0161krtoj zemlji u vrlo te\u0161kim uvjetima uspjeli su zasnovati obitelji, \u010dijih 63 potomaka  (35 od Mije, 28 od Joze), danas \u017eive \u0161irom svijeta u 21 obitelji.<br \/>\nU \u010disto idealnom slu\u010daju, da nije bilo selidbe, danas 124 godina kasnije, Drenovik bi bio selo sa otprilike 21 Obitelji odnosno 18-20 ku\u0107a.<\/p>\n<p>Predanim radom u zadnjih 30-tak godina i <span class=\"explanatory-dictionary-highlight\" data-definition=\"explanatory-dictionary-definition-487\">uz<\/span> veliku pomo\u0107 Mladena Bogelji\u0107a iz Osijeka (njego i moj \u010dukundjed\/\u0161ukundjed su bra\u0107a), po\u0161lo mi je za rukom da napravim cijelo obiteljsko stablo svih Bogelji\u0107a sa Drenovika uklju\u010duju\u0107i i njihove pretke do 1715 godine unazad.<\/p>\n<p>Nadam se da \u0107e i budu\u0107e generacije ili barem jedan dio mladih potomaka Mije i Joze, koristiti taj moj rad kao po\u010detnu to\u010dku za dalje pra\u0107enje i dokumentiranje zajedni\u010dkog obiteljskog stabla.<\/p>\n<p>Ukoliko vas ova tema interesira, <span class=\"explanatory-dictionary-highlight\" data-definition=\"explanatory-dictionary-definition-364\">rado<\/span> \u0107u podijeliti sve meni raspolo\u017eive informacije sa vama. Jednostavno ostavite komentar ili se prijavite na stranicu i kontaktirajte me putem emai-a.<\/p>\n<p>Veliki pozdrav, ma gdje bili!<\/p>\n<p>Marko Bogelji\u0107<br \/>\nKlagenfurt, Austrija<\/p>\n","protected":false},"excerpt":{"rendered":"<p>Negdje krajem 19 stolje\u0107a, vjerovatno 1897 godine, dva brata Mijo i 3 godine mla\u0111i Jozo, sinovi Franje Luki\u0107-Bogelji\u0107 i Katarine ro\u0111ene Juri\u0107, doselili su iz mjesta Tisovici op\u0107ina Vare\u0161 na Drenovik. Mijo je tada imao 24 a Jozo 21 godinu. \u0160to je bio razlog njihovog doseljenja danas nije poznato, ali je za pretpostaviti da su &hellip; <a href=\"https:\/\/bogeljic.com\/?page_id=861\" class=\"more-link\">Nastavi \u010ditati <span class=\"screen-reader-text\">BOGElji\u0107i sa DRENOVIKA<\/span> <span class=\"meta-nav\">&rarr;<\/span><\/a><\/p>\n","protected":false},"author":1,"featured_media":0,"parent":0,"menu_order":0,"comment_status":"closed","ping_status":"closed","template":"","meta":{"footnotes":""},"class_list":["post-861","page","type-page","status-publish","hentry"],"_links":{"self":[{"href":"https:\/\/bogeljic.com\/index.php?rest_route=\/wp\/v2\/pages\/861","targetHints":{"allow":["GET"]}}],"collection":[{"href":"https:\/\/bogeljic.com\/index.php?rest_route=\/wp\/v2\/pages"}],"about":[{"href":"https:\/\/bogeljic.com\/index.php?rest_route=\/wp\/v2\/types\/page"}],"author":[{"embeddable":true,"href":"https:\/\/bogeljic.com\/index.php?rest_route=\/wp\/v2\/users\/1"}],"replies":[{"embeddable":true,"href":"https:\/\/bogeljic.com\/index.php?rest_route=%2Fwp%2Fv2%2Fcomments&post=861"}],"version-history":[{"count":4,"href":"https:\/\/bogeljic.com\/index.php?rest_route=\/wp\/v2\/pages\/861\/revisions"}],"predecessor-version":[{"id":871,"href":"https:\/\/bogeljic.com\/index.php?rest_route=\/wp\/v2\/pages\/861\/revisions\/871"}],"wp:attachment":[{"href":"https:\/\/bogeljic.com\/index.php?rest_route=%2Fwp%2Fv2%2Fmedia&parent=861"}],"curies":[{"name":"wp","href":"https:\/\/api.w.org\/{rel}","templated":true}]}}