{"id":778,"date":"2018-02-25T08:50:18","date_gmt":"2018-02-25T07:50:18","guid":{"rendered":"http:\/\/www.bogeljic.com\/?page_id=778"},"modified":"2018-02-25T16:20:27","modified_gmt":"2018-02-25T15:20:27","slug":"drenovik","status":"publish","type":"page","link":"https:\/\/bogeljic.com\/?page_id=778","title":{"rendered":"Drenovik"},"content":{"rendered":"<p><img loading=\"lazy\" decoding=\"async\" class=\"alignleft wp-image-785\" src=\"http:\/\/bogeljic.com\/wp-content\/uploads\/2018\/02\/Drenovik_2-300x225.jpg\" alt=\"\" width=\"200\" height=\"150\" srcset=\"https:\/\/bogeljic.com\/wp-content\/uploads\/2018\/02\/Drenovik_2-300x225.jpg 300w, https:\/\/bogeljic.com\/wp-content\/uploads\/2018\/02\/Drenovik_2-768x576.jpg 768w, https:\/\/bogeljic.com\/wp-content\/uploads\/2018\/02\/Drenovik_2-1024x768.jpg 1024w, https:\/\/bogeljic.com\/wp-content\/uploads\/2018\/02\/Drenovik_2.jpg 1280w\" sizes=\"auto, (max-width: 200px) 100vw, 200px\" \/>Drenovik je bilo selo u kojem sam se rodio i u kojem sam stalno \u017eivio do 1983 a povremeno od 1983 do 1993 godine. Selo je na\u017ealost potpuno razoreno, oplja\u010dkano a ve\u0107ina ku\u0107a je spaljena za vrijeme napada &#8220;Armije Bosne i Hercegovine&#8221; 13.06.1993 na Hrvatska sela op\u0107ine Kakanj.<\/p>\n<p>Selo se grani\u010dilo sa selima Grma\u010de, Te\u0161evo i Bradari\u0107i koje je toga dana zadesila ista sudbina.<\/p>\n<p>Na dan njegovog nestanka selo se sastojalo od 10 ku\u0107a u kojima su \u017eivjele 12 obitelji odnosno odprilike 40 stanovnika.<\/p>\n<p><img loading=\"lazy\" decoding=\"async\" class=\"alignleft size-thumbnail wp-image-787\" src=\"http:\/\/bogeljic.com\/wp-content\/uploads\/2018\/02\/Drenovik_1-150x150.jpg\" alt=\"\" width=\"150\" height=\"150\" \/><\/p>\n<p>Administrativno gledano, selo Drenovik je bio Zaseok ve\u0107eg sela Ri\u010dica.<\/p>\n<p>Danas je to mjesto skoro potpuno zaraslo u \u0161umu. Jo\u0161 se do Drenovika mo\u017ee do\u0107i asfaltiranom cestom do seoskog Groblja, mada svake godine sve te\u017ee i te\u017ee. Za ve\u0107inu ku\u0107a se jedva mo\u017ee prepoznati mjesto na kojem su nekada stajale.<\/p>\n<p><iframe loading=\"lazy\" src=\"https:\/\/www.google.com\/maps\/embed?pb=!1m18!1m12!1m3!1d20616.255290296085!2d18.16857363297249!3d44.12515794611644!2m3!1f0!2f0!3f0!3m2!1i1024!2i768!4f13.1!3m3!1m2!1s0x0%3A0x0!2zNDTCsDA3JzMwLjUiTiAxOMKwMTAnNTMuOSJF!5e1!3m2!1sde!2sat!4v1519571991511\" width=\"400\" height=\"300\" frameborder=\"0\" style=\"border:0\" allowfullscreen><\/iframe><\/p>\n","protected":false},"excerpt":{"rendered":"<p>Drenovik je bilo selo u kojem sam se rodio i u kojem sam stalno \u017eivio do 1983 a povremeno od 1983 do 1993 godine. Selo je na\u017ealost potpuno razoreno, oplja\u010dkano a ve\u0107ina ku\u0107a je spaljena za vrijeme napada &#8220;Armije Bosne i Hercegovine&#8221; 13.06.1993 na Hrvatska sela op\u0107ine Kakanj. Selo se grani\u010dilo sa selima Grma\u010de, Te\u0161evo &hellip; <a href=\"https:\/\/bogeljic.com\/?page_id=778\" class=\"more-link\">Nastavi \u010ditati <span class=\"screen-reader-text\">Drenovik<\/span> <span class=\"meta-nav\">&rarr;<\/span><\/a><\/p>\n","protected":false},"author":1,"featured_media":0,"parent":0,"menu_order":0,"comment_status":"closed","ping_status":"closed","template":"page-templates\/full-width.php","meta":{"footnotes":""},"class_list":["post-778","page","type-page","status-publish","hentry"],"_links":{"self":[{"href":"https:\/\/bogeljic.com\/index.php?rest_route=\/wp\/v2\/pages\/778","targetHints":{"allow":["GET"]}}],"collection":[{"href":"https:\/\/bogeljic.com\/index.php?rest_route=\/wp\/v2\/pages"}],"about":[{"href":"https:\/\/bogeljic.com\/index.php?rest_route=\/wp\/v2\/types\/page"}],"author":[{"embeddable":true,"href":"https:\/\/bogeljic.com\/index.php?rest_route=\/wp\/v2\/users\/1"}],"replies":[{"embeddable":true,"href":"https:\/\/bogeljic.com\/index.php?rest_route=%2Fwp%2Fv2%2Fcomments&post=778"}],"version-history":[{"count":8,"href":"https:\/\/bogeljic.com\/index.php?rest_route=\/wp\/v2\/pages\/778\/revisions"}],"predecessor-version":[{"id":791,"href":"https:\/\/bogeljic.com\/index.php?rest_route=\/wp\/v2\/pages\/778\/revisions\/791"}],"wp:attachment":[{"href":"https:\/\/bogeljic.com\/index.php?rest_route=%2Fwp%2Fv2%2Fmedia&parent=778"}],"curies":[{"name":"wp","href":"https:\/\/api.w.org\/{rel}","templated":true}]}}