{"id":772,"date":"2018-05-21T07:31:51","date_gmt":"2018-05-21T06:31:51","guid":{"rendered":"http:\/\/www.bogeljic.com\/?page_id=772"},"modified":"2018-05-21T07:31:51","modified_gmt":"2018-05-21T06:31:51","slug":"impressum","status":"publish","type":"page","link":"https:\/\/bogeljic.com\/?page_id=772","title":{"rendered":"Impressum"},"content":{"rendered":"<div id=\"block-talk-page-title\" class=\"title block block-core block-page-title-block\">\n<div class=\"block-content\">\n<h1>Impressum<\/h1>\n<\/div>\n<\/div>\n<div id=\"block-talk-content\" class=\"block block-system block-system-main-block\">\n<div class=\"block-content\">\n<article class=\"node-page node-full clearfix\" role=\"article\" data-history-node-id=\"5\">\n<div class=\"node-content\">\n<p>Marko Bogelji\u0107<\/p>\n<p>E-mail:\u00a0<a href=\"marko@bogeljic.com\">marko@bogeljic.com<\/a><br \/>\nWeb:\u00a0<a href=\"http:\/\/www.bogeljic.com\/\">www.bogeljic.com<\/a><\/p>\n<h4><strong>Za\u0161tita autorskih prava<\/strong><\/h4>\n<hr \/>\n<p>Sadr\u017eaj ove Internet stranice za\u0161ti\u0107en je Zakonom o autorskom pravu. Svaka daljnja uporaba, a posebno po pitanju pohrane podataka u baze podataka, objave, dupliciranje i bilo koji oblik uporabe podataka u komercijalne svrhe i prijenosa tre\u0107im stranama, bilo da se radi o cjelokupnom sadr\u017eaju, njegovim dijelovima ili izmijenjenom obliku, zabranjeni su <span class=\"explanatory-dictionary-highlight\" data-definition=\"explanatory-dictionary-definition-54\">bez<\/span> suglasnosti vlasnika ove stranice. Tiskani i drugi sadr\u017eaji namijenjeni su isklju\u010divo za osobnu primjenu i ne smiju se prenositi ili davati na uvid tre\u0107im stranama, <span class=\"explanatory-dictionary-highlight\" data-definition=\"explanatory-dictionary-definition-259\">niti<\/span> u nekomercijalne ili privatne svrhe, kao na primjer, za prezentiranje tre\u0107im stranama. Potpuna ili djelomi\u010dna uporaba izvornog koda ili drugih dijelova sustava i izdanih materijala (slike, zvukovi, itd.) za\u0161ti\u0107eni su Zakonom o autorskom pravu te svaka uporaba prava vlasnika i uporaba sadr\u017eaja moraju biti izri\u010dito odobreni pisanim putem.<\/p>\n<h5><strong>Izjava o ograni\u010denju odgovornosti<\/strong><\/h5>\n<hr \/>\n<p>Izdava\u010d sastavlja i ure\u0111uje informacije na Internet stranici kako najbolje zna s ciljem da omogu\u0107i korisnicima ozbiljne i aktualne informacije. Sve informacije dostupne su putem hiperveze ili putem drugog na\u010dina na Internetu su odgovornost izdava\u010da za navedene informacije. Odgovornost se ne\u0107e prihvatiti za informacije koje se tamo nalaze ili za posljedice koje proizlaze iz njihove uporabe. U skladu sa Zakonom o kvaliteti proizvodnje, izdava\u010d izri\u010dito isti\u010de da se pogre\u0161ke ne mogu potpuno izuzeti i da su sve informacije koje se pru\u017eaju podlo\u017ene ispravkama. Izdava\u010d se ne\u0107e smatrati odgovornim za pogre\u0161ke nastale kao rezultat izvora ili prerade te ne prihva\u0107a odgovornost za sadr\u017eaj i njegove posljedice. Osim toga, izdava\u010d se ne\u0107e smatrati odgovornim bilo izravno ili neizravno za izravne ili neizravne posljedice uporabe ili zlouporabe informacija sadr\u017eanih na ovoj Internet stranici.<\/p>\n<\/div>\n<\/article>\n<\/div>\n<\/div>\n","protected":false},"excerpt":{"rendered":"<p>Impressum Marko Bogelji\u0107 E-mail:\u00a0marko@bogeljic.com Web:\u00a0www.bogeljic.com Za\u0161tita autorskih prava Sadr\u017eaj ove Internet stranice za\u0161ti\u0107en je Zakonom o autorskom pravu. Svaka daljnja uporaba, a posebno po pitanju pohrane podataka u baze podataka, objave, dupliciranje i bilo koji oblik uporabe podataka u komercijalne svrhe i prijenosa tre\u0107im stranama, bilo da se radi o cjelokupnom sadr\u017eaju, njegovim dijelovima ili &hellip; <a href=\"https:\/\/bogeljic.com\/?page_id=772\" class=\"more-link\">Nastavi \u010ditati <span class=\"screen-reader-text\">Impressum<\/span> <span class=\"meta-nav\">&rarr;<\/span><\/a><\/p>\n","protected":false},"author":1,"featured_media":0,"parent":0,"menu_order":0,"comment_status":"closed","ping_status":"closed","template":"","meta":{"footnotes":""},"class_list":["post-772","page","type-page","status-publish","hentry"],"_links":{"self":[{"href":"https:\/\/bogeljic.com\/index.php?rest_route=\/wp\/v2\/pages\/772","targetHints":{"allow":["GET"]}}],"collection":[{"href":"https:\/\/bogeljic.com\/index.php?rest_route=\/wp\/v2\/pages"}],"about":[{"href":"https:\/\/bogeljic.com\/index.php?rest_route=\/wp\/v2\/types\/page"}],"author":[{"embeddable":true,"href":"https:\/\/bogeljic.com\/index.php?rest_route=\/wp\/v2\/users\/1"}],"replies":[{"embeddable":true,"href":"https:\/\/bogeljic.com\/index.php?rest_route=%2Fwp%2Fv2%2Fcomments&post=772"}],"version-history":[{"count":1,"href":"https:\/\/bogeljic.com\/index.php?rest_route=\/wp\/v2\/pages\/772\/revisions"}],"predecessor-version":[{"id":804,"href":"https:\/\/bogeljic.com\/index.php?rest_route=\/wp\/v2\/pages\/772\/revisions\/804"}],"wp:attachment":[{"href":"https:\/\/bogeljic.com\/index.php?rest_route=%2Fwp%2Fv2%2Fmedia&parent=772"}],"curies":[{"name":"wp","href":"https:\/\/api.w.org\/{rel}","templated":true}]}}