{"id":4,"date":"2007-07-01T11:19:11","date_gmt":"2007-07-01T10:19:11","guid":{"rendered":"http:\/\/web272.login-1.hoststar.at\/wp_bogy\/?page_id=4"},"modified":"2023-09-22T17:47:30","modified_gmt":"2023-09-22T16:47:30","slug":"povijest-prezimena-bogeljic","status":"publish","type":"page","link":"https:\/\/bogeljic.com\/","title":{"rendered":"Prezime Bogelji\u0107"},"content":{"rendered":"<p style=\"margin-bottom: 0cm;\"><img loading=\"lazy\" decoding=\"async\" class=\"alignleft size-full wp-image-5\" src=\"http:\/\/bogeljic.com\/wp-content\/uploads\/2014\/01\/Korijeni1.jpg\" alt=\"\" width=\"120\" height=\"120\" \/>Ukoliko se i vi prezivate Bogelji\u0107 sigurno ste se barem ponekad i sami zapitali, za\u0161to i odkuda dolazi to prezime? Ja sam osobno oduvijek \u017eelio da odgonetnem tu zagonetku. Moje mi se prezime oduvijek \u010dinilo posebno i nesvakida\u0161nje.<br \/>\nTako sam ja jo\u0161 u vrijeme mojih gimnazijskih dana poku\u0161ao da dodem do informacija koje bi mi pomogle da odgonetnem podrijetlo i korijene moga prezimena.<br \/>\nKada bih upitao moga tatu, striku ili baku (djeda nisam upamtio) o tome, ve\u0107inom su odgovarali da je moj pradjed do\u0161ao iz Vare\u0161a iz \u201eTisovica&#8221; krajem 19. stoljeca. Na\u017ealost to je bilo sve \u0161to su oni mogli da mi ka\u017eu.\n<\/p>\n<p style=\"margin-bottom: 0cm;\">Danas nekoliko desetljeca kasnije, zahvaljujuci Mladenu Bogelji\u0107 iz Daruvara, njegovom djedu Anti Bogelji\u0107 iz Zenice i Jozi Leki\u0107 i Zavidovica (ovim putem im se posebno zahvaljujem) uspio sam doci do vrijednih podataka i odgonetnuti porijeklo prezimena Bogelji\u0107.<\/p>\n<p>&nbsp;<\/p>\n<p style=\"margin-bottom: 0cm;\"><span style=\"text-decoration: underline;\"><strong>Korijeni:<\/strong><\/span><br \/>\nPrema tim informacijama Bogelji\u0107i (odnosni njihovi preci) su doselili iz \u010cemernog (Isto\u010dna Hercegovina) po\u010detkom 18 stolje\u0107a u okolinu Vara\u0161a pod prezimenom LUKI\u0106.<br \/>\nJedan od doseljenika, gospodin <strong>LUKI\u0106 MIJO<\/strong> iz Dikni\u0107a imao je sinove Andriju, Ivana, <strong>MARIJANA<\/strong>, Grgu, Petra, Bo\u017eu i k\u0107erku Anu.<img decoding=\"async\" src=\"images\/stories\/Drveni_kotac_2.jpg\" alt=\"\" align=\"right\" border=\"0\" \/><br \/>\nNjegov sin <strong>MARIJAN<\/strong> je imao osmoro djece.<\/p>\n<p style=\"margin-bottom: 0cm;\">Jedan Marijanov sin se zavo <strong>Ivan<\/strong> (1801 &#8211; 1860) i od njega potje\u010de prezime Bogelji\u0107.<br \/>\nNaime Ivan se bavio izradom kota\u010da za drvena <span class=\"explanatory-dictionary-highlight\" data-definition=\"explanatory-dictionary-definition-184\">kola<\/span>, a taj zanat se u to vrijeme zvao \u201e<strong>GOBELJAR<\/strong>&#8220;. Od zanata Ivan je dobio nadimak \u201e<strong>GOBELJA<\/strong>&#8220;, a od nadimka je nastalo i pomo\u0107no prezime \u201e<strong>GOBELJI\u0106<\/strong>&#8220;. Vrlo brzo se to pomo\u0107no prezime transformiralo u \u201e<strong>BOGELJI\u0106<\/strong>&#8220;.<br \/>\nOvo prezime dugo se koristilo <span class=\"explanatory-dictionary-highlight\" data-definition=\"explanatory-dictionary-definition-487\">uz<\/span> ono glavno \u201eLUKI\u0106&#8221;, kao <strong>Luki\u0107-Bogelji\u0107<\/strong>, pa <strong>Bogelji\u0107-Luki\u0107<\/strong>, da bi na kraju prezime Luki\u0107 gotovo totalno iz\u010deznulo i ostalo samo <strong>BOGELJI\u0106<\/strong>. Iako i danas postoje pojedine osobe koje nose to dvojno prezime.<br \/>\nTako su po\u010detkom dvadesetog stolje\u0107a ve\u0107ina nasljednika nosili samo prezime <strong>Bogelji\u0107<\/strong>.<br \/>\nDa su ove informacije to\u010dne, potvrduje i informacija da su nas Bogelji\u0107e na Drenoviku starije pu\u010danstvo susjednih sela uistinu zvali \u201e<strong>GOBELJE<\/strong>&#8220;.<\/p>\n<p>&nbsp;<\/p>\n<p style=\"margin-bottom: 0cm;\"><strong>Posebna zahvala onima <span class=\"explanatory-dictionary-highlight\" data-definition=\"explanatory-dictionary-definition-54\">bez<\/span> koji ovaj \u010dlanak ne bi bio mogu\u0107:<br \/>\nMladen Bogelji\u0107 &#8211; Daruvar<br \/>\nAnto Bogelji\u0107 &#8211; Zenica<br \/>\nJozo Leki\u0107 &#8211; Zavidovi\u0107i<\/strong><\/p>\n","protected":false},"excerpt":{"rendered":"<p>Ukoliko se i vi prezivate Bogelji\u0107 sigurno ste se barem ponekad i sami zapitali, za\u0161to i odkuda dolazi to prezime? Ja sam osobno oduvijek \u017eelio da odgonetnem tu zagonetku. Moje mi se prezime oduvijek \u010dinilo posebno i nesvakida\u0161nje. Tako sam ja jo\u0161 u vrijeme mojih gimnazijskih dana poku\u0161ao da dodem do informacija koje bi mi &hellip; <a href=\"https:\/\/bogeljic.com\/\" class=\"more-link\">Nastavi \u010ditati <span class=\"screen-reader-text\">Prezime Bogelji\u0107<\/span> <span class=\"meta-nav\">&rarr;<\/span><\/a><\/p>\n","protected":false},"author":1,"featured_media":0,"parent":0,"menu_order":0,"comment_status":"open","ping_status":"closed","template":"","meta":{"footnotes":""},"class_list":["post-4","page","type-page","status-publish","hentry"],"_links":{"self":[{"href":"https:\/\/bogeljic.com\/index.php?rest_route=\/wp\/v2\/pages\/4","targetHints":{"allow":["GET"]}}],"collection":[{"href":"https:\/\/bogeljic.com\/index.php?rest_route=\/wp\/v2\/pages"}],"about":[{"href":"https:\/\/bogeljic.com\/index.php?rest_route=\/wp\/v2\/types\/page"}],"author":[{"embeddable":true,"href":"https:\/\/bogeljic.com\/index.php?rest_route=\/wp\/v2\/users\/1"}],"replies":[{"embeddable":true,"href":"https:\/\/bogeljic.com\/index.php?rest_route=%2Fwp%2Fv2%2Fcomments&post=4"}],"version-history":[{"count":10,"href":"https:\/\/bogeljic.com\/index.php?rest_route=\/wp\/v2\/pages\/4\/revisions"}],"predecessor-version":[{"id":899,"href":"https:\/\/bogeljic.com\/index.php?rest_route=\/wp\/v2\/pages\/4\/revisions\/899"}],"wp:attachment":[{"href":"https:\/\/bogeljic.com\/index.php?rest_route=%2Fwp%2Fv2%2Fmedia&parent=4"}],"curies":[{"name":"wp","href":"https:\/\/api.w.org\/{rel}","templated":true}]}}